{"id":105,"date":"2020-02-06T09:12:46","date_gmt":"2020-02-06T09:12:46","guid":{"rendered":"https:\/\/litho.themezaa.com\/?page_id=105"},"modified":"2025-09-30T21:33:23","modified_gmt":"2025-09-30T21:33:23","slug":"contact-classic","status":"publish","type":"page","link":"https:\/\/www.lauriervert.com\/?page_id=105","title":{"rendered":"Contactez-nous"},"content":{"rendered":"\t\t<div data-elementor-type=\"wp-page\" data-elementor-id=\"105\" class=\"elementor elementor-105\" data-elementor-post-type=\"page\">\n\t\t\t\t\t\t<section class=\"elementor-section elementor-top-section elementor-element elementor-element-cb45f20 elementor-section-boxed elementor-section-height-default elementor-section-height-default\" data-id=\"cb45f20\" data-element_type=\"section\" data-e-type=\"section\" data-settings=\"{&quot;background_background&quot;:&quot;classic&quot;}\">\n\t\t\t\t\t\t<div class=\"elementor-container elementor-column-gap-default\">\n\t\t\t\t\t<div class=\" elementor-column elementor-col-33 elementor-top-column elementor-element elementor-element-6e6c15d hvr-float-3px\" data-fullscreen-column-settings=\"{&quot;fullscreen&quot;:&quot;&quot;}\" data-id=\"6e6c15d\" data-element_type=\"column\" data-e-type=\"column\">\n\t\t\t<div class=\"elementor-widget-wrap elementor-element-populated\">\n\t\t\t\t\t\t<div class=\"elementor-element elementor-element-8c27145 elementor-view-default elementor-widget elementor-widget-litho-feature-box\" data-id=\"8c27145\" data-element_type=\"widget\" data-e-type=\"widget\" data-settings=\"{&quot;litho_feature_box_styles&quot;:&quot;icon-text-style-2&quot;}\" data-widget_type=\"litho-feature-box.default\">\n\t\t\t\t<div class=\"elementor-widget-container\">\n\t\t\t\t\t\t\t\t\t\t<div class=\"feature-box icon-text-style-2\">\n\t\t\t\t\t\t<div class=\"icon-text-style-wrapper\"><div class=\"elementor-icon\"><i aria-hidden=\"true\" class=\" line-icon-Mail-Read\"><\/i><\/div><div class=\"feature-box-content\"><span class=\"title\">Besoin d\u2019un coup de main?<\/span><span class=\"subtitle\"><a href=\"mailto:contact@lauriervert.com\" class=\"subtitle-link\">Envoyez-nous un email<\/a><\/span><\/div><div class=\"content\"><span><p>Nous r\u00e9pondrons rapidement \u00e0 toutes vos demandes.<\/p><\/span><\/div><\/div>\n\t\t\t\t\t<\/div>\n\t\t\t\t\t\t\t\t\t<\/div>\n\t\t\t\t<\/div>\n\t\t\t\t\t<\/div>\n\t\t<\/div>\n\t\t\t\t<div class=\" elementor-column elementor-col-33 elementor-top-column elementor-element elementor-element-5d34b3c hvr-float-3px\" data-fullscreen-column-settings=\"{&quot;fullscreen&quot;:&quot;&quot;}\" data-id=\"5d34b3c\" data-element_type=\"column\" data-e-type=\"column\">\n\t\t\t<div class=\"elementor-widget-wrap\">\n\t\t\t\t\t\t\t<\/div>\n\t\t<\/div>\n\t\t\t\t<div class=\" elementor-column elementor-col-33 elementor-top-column elementor-element elementor-element-f5c23d7 hvr-float-3px\" data-fullscreen-column-settings=\"{&quot;fullscreen&quot;:&quot;&quot;}\" data-id=\"f5c23d7\" data-element_type=\"column\" data-e-type=\"column\">\n\t\t\t<div class=\"elementor-widget-wrap elementor-element-populated\">\n\t\t\t\t\t\t<div class=\"elementor-element elementor-element-602c3d6 elementor-view-default elementor-widget elementor-widget-litho-feature-box\" data-id=\"602c3d6\" data-element_type=\"widget\" data-e-type=\"widget\" data-settings=\"{&quot;litho_feature_box_styles&quot;:&quot;icon-text-style-2&quot;}\" data-widget_type=\"litho-feature-box.default\">\n\t\t\t\t<div class=\"elementor-widget-container\">\n\t\t\t\t\t\t\t\t\t\t<div class=\"feature-box icon-text-style-2\">\n\t\t\t\t\t\t<div class=\"icon-text-style-wrapper\"><div class=\"elementor-icon\"><i aria-hidden=\"true\" class=\" line-icon-Phone-2\"><\/i><\/div><div class=\"feature-box-content\"><span class=\"title\">L\u00e0 pour vous aider<\/span><span class=\"subtitle\"><a href=\"tel:+212661430218\" class=\"subtitle-link\">Passez-nous un coup de fil<\/a><\/span><\/div><div class=\"content\"><span><p data-start=\"126\" data-end=\"264\">Disponible du lundi au Samedi 24\/24<\/p><\/span><\/div><\/div>\n\t\t\t\t\t<\/div>\n\t\t\t\t\t\t\t\t\t<\/div>\n\t\t\t\t<\/div>\n\t\t\t\t\t<\/div>\n\t\t<\/div>\n\t\t\t\t\t<\/div>\n\t\t<\/section>\n\t\t\t\t<section class=\"elementor-section elementor-top-section elementor-element elementor-element-7176cbc elementor-section-boxed elementor-section-height-default elementor-section-height-default elementor-invisible\" data-id=\"7176cbc\" data-element_type=\"section\" data-e-type=\"section\" data-settings=\"{&quot;animation&quot;:&quot;fadeIn&quot;}\">\n\t\t\t\t\t\t<div class=\"elementor-container elementor-column-gap-default\">\n\t\t\t\t\t<div class=\" elementor-column elementor-col-100 elementor-top-column elementor-element elementor-element-1a032dd\" data-fullscreen-column-settings=\"{&quot;fullscreen&quot;:&quot;&quot;}\" data-id=\"1a032dd\" data-element_type=\"column\" data-e-type=\"column\">\n\t\t\t<div class=\"elementor-widget-wrap elementor-element-populated\">\n\t\t\t\t\t\t<section class=\"elementor-section elementor-inner-section elementor-element elementor-element-8603958 elementor-section-boxed elementor-section-height-default elementor-section-height-default\" data-id=\"8603958\" data-element_type=\"section\" data-e-type=\"section\">\n\t\t\t\t\t\t<div class=\"elementor-container elementor-column-gap-default\">\n\t\t\t\t\t<div class=\" elementor-column elementor-col-100 elementor-inner-column elementor-element elementor-element-59f5868\" data-fullscreen-column-settings=\"{&quot;fullscreen&quot;:&quot;&quot;}\" data-id=\"59f5868\" data-element_type=\"column\" data-e-type=\"column\">\n\t\t\t<div class=\"elementor-widget-wrap elementor-element-populated\">\n\t\t\t\t\t\t<div class=\"elementor-element elementor-element-9018649 elementor-widget elementor-widget-litho-heading\" data-id=\"9018649\" data-element_type=\"widget\" data-e-type=\"widget\" data-widget_type=\"litho-heading.default\">\n\t\t\t\t<div class=\"elementor-widget-container\">\n\t\t\t\t\t<span class=\"litho-heading elementor-size-default\"><span class=\"litho-primary-title\">Remplissez le formulaire et nous revenons vers vous rapidement !<\/span><\/span>\t\t\t\t<\/div>\n\t\t\t\t<\/div>\n\t\t\t\t<div class=\"elementor-element elementor-element-f57b382 elementor-widget elementor-widget-litho-heading\" data-id=\"f57b382\" data-element_type=\"widget\" data-e-type=\"widget\" data-widget_type=\"litho-heading.default\">\n\t\t\t\t<div class=\"elementor-widget-container\">\n\t\t\t\t\t<h4 class=\"litho-heading elementor-size-default\"><span class=\"litho-primary-title\">Parlons de votre projet<\/span><\/h4>\t\t\t\t<\/div>\n\t\t\t\t<\/div>\n\t\t\t\t<div class=\"elementor-element elementor-element-ee8a0c1 elementor-widget elementor-widget-litho-contact-form\" data-id=\"ee8a0c1\" data-element_type=\"widget\" data-e-type=\"widget\" data-widget_type=\"litho-contact-form.default\">\n\t\t\t\t<div class=\"elementor-widget-container\">\n\t\t\t\t\t\t\t\t<div class=\"contact-form-wrapper\">\n\t\t\t\t\n<div class=\"wpcf7 no-js\" id=\"wpcf7-f69271-o1\" lang=\"en-US\" dir=\"ltr\" data-wpcf7-id=\"69271\">\n<div class=\"screen-reader-response\"><p role=\"status\" aria-live=\"polite\" aria-atomic=\"true\"><\/p> <ul><\/ul><\/div>\n<form action=\"\/index.php?rest_route=%2Fwp%2Fv2%2Fpages%2F105#wpcf7-f69271-o1\" method=\"post\" class=\"wpcf7-form init\" aria-label=\"Contact form\" novalidate=\"novalidate\" data-status=\"init\">\n<fieldset class=\"hidden-fields-container\"><input type=\"hidden\" name=\"_wpcf7\" value=\"69271\" \/><input type=\"hidden\" name=\"_wpcf7_version\" value=\"6.1.5\" \/><input type=\"hidden\" name=\"_wpcf7_locale\" value=\"en_US\" \/><input type=\"hidden\" name=\"_wpcf7_unit_tag\" value=\"wpcf7-f69271-o1\" \/><input type=\"hidden\" name=\"_wpcf7_container_post\" value=\"0\" \/><input type=\"hidden\" name=\"_wpcf7_posted_data_hash\" value=\"\" \/>\n<\/fieldset>\n<div class=\"row row-cols-1 row-cols-md-2\">\n\t<div class=\"col\">\n\t\t<p><span class=\"wpcf7-form-control-wrap\" data-name=\"your-name\"><input size=\"40\" maxlength=\"400\" class=\"wpcf7-form-control wpcf7-text wpcf7-validates-as-required\" aria-required=\"true\" aria-invalid=\"false\" placeholder=\"Nom complet*\" value=\"\" type=\"text\" name=\"your-name\" \/><\/span><br \/>\n<span class=\"wpcf7-form-control-wrap\" data-name=\"your-email-address\"><input size=\"40\" maxlength=\"400\" class=\"wpcf7-form-control wpcf7-email wpcf7-validates-as-required wpcf7-text wpcf7-validates-as-email\" aria-required=\"true\" aria-invalid=\"false\" placeholder=\"Adresse \u00e9lectronique*\" value=\"\" type=\"email\" name=\"your-email-address\" \/><\/span><br \/>\n<span class=\"wpcf7-form-control-wrap\" data-name=\"your-mobile\"><input size=\"40\" maxlength=\"400\" class=\"wpcf7-form-control wpcf7-tel wpcf7-validates-as-required wpcf7-text wpcf7-validates-as-tel\" aria-required=\"true\" aria-invalid=\"false\" placeholder=\"N\u00b0 T\u00e9l\u00e9phone*\" value=\"\" type=\"tel\" name=\"your-mobile\" \/><\/span>\n\t\t<\/p>\n\t\t<p><span class=\"wpcf7-form-control-wrap\" data-name=\"your-city\"><select class=\"wpcf7-form-control wpcf7-select wpcf7-validates-as-required\" aria-required=\"true\" aria-invalid=\"false\" name=\"your-city\"><option value=\"Agadir\">Agadir<\/option><option value=\"Al Hoceima\">Al Hoceima<\/option><option value=\"Azilal\">Azilal<\/option><option value=\"B\u00e9ni Mellal\">B\u00e9ni Mellal<\/option><option value=\"Benslimane\">Benslimane<\/option><option value=\"Boujdour\">Boujdour<\/option><option value=\"Boulemane\">Boulemane<\/option><option value=\"Casablanca\">Casablanca<\/option><option value=\"Chefchaouen\">Chefchaouen<\/option><option value=\"Chichaoua\">Chichaoua<\/option><option value=\"Dakhla\">Dakhla<\/option><option value=\"El Hajeb\">El Hajeb<\/option><option value=\"El Jadida\">El Jadida<\/option><option value=\"Errachidia\">Errachidia<\/option><option value=\"Essaouira\">Essaouira<\/option><option value=\"F\u00e8s\">F\u00e8s<\/option><option value=\"Figuig\">Figuig<\/option><option value=\"Guelmim\">Guelmim<\/option><option value=\"Ifrane\">Ifrane<\/option><option value=\"K\u00e9nitra\">K\u00e9nitra<\/option><option value=\"Khemisset\">Khemisset<\/option><option value=\"Kh\u00e9nifra\">Kh\u00e9nifra<\/option><option value=\"Khouribga\">Khouribga<\/option><option value=\"La\u00e2youne\">La\u00e2youne<\/option><option value=\"Larache\">Larache<\/option><option value=\"Marrakech\">Marrakech<\/option><option value=\"Mekn\u00e8s\">Mekn\u00e8s<\/option><option value=\"Mohammedia\">Mohammedia<\/option><option value=\"Nador\">Nador<\/option><option value=\"Ouarzazate\">Ouarzazate<\/option><option value=\"Oued Ed-Dahab\">Oued Ed-Dahab<\/option><option value=\"Oujda\">Oujda<\/option><option value=\"Rabat\">Rabat<\/option><option value=\"Safi\">Safi<\/option><option value=\"Sal\u00e9\">Sal\u00e9<\/option><option value=\"Sefrou\">Sefrou<\/option><option value=\"Settat\">Settat<\/option><option value=\"Sidi Bennour\">Sidi Bennour<\/option><option value=\"Sidi Ifni\">Sidi Ifni<\/option><option value=\"Skhirat-T\u00e9mara\">Skhirat-T\u00e9mara<\/option><option value=\"Tanger\">Tanger<\/option><option value=\"Tan-Tan\">Tan-Tan<\/option><option value=\"Taounate\">Taounate<\/option><option value=\"Taroudant\">Taroudant<\/option><option value=\"Tata\">Tata<\/option><option value=\"Taza\">Taza<\/option><option value=\"T\u00e9touan\">T\u00e9touan<\/option><option value=\"Tiznit\">Tiznit<\/option><option value=\"Zagora\">Zagora<\/option><\/select><\/span>\n\t\t<\/p>\n\t\t<p><span class=\"wpcf7-form-control-wrap\" data-name=\"service-wanted\"><select class=\"wpcf7-form-control wpcf7-select wpcf7-validates-as-required\" aria-required=\"true\" aria-invalid=\"false\" name=\"service-wanted\"><option value=\"Conception &amp; Design\">Conception &amp; Design<\/option><option value=\"Consultation\">Consultation<\/option><option value=\"Projet d&#039;am\u00e9nagement\">Projet d&#039;am\u00e9nagement<\/option><option value=\"Entretien Jardin\">Entretien Jardin<\/option><option value=\"Nettoyage Professionnelle\">Nettoyage Professionnelle<\/option><\/select><\/span>\n\t\t<\/p>\n\t<\/div>\n\t<div class=\"col\">\n\t\t<p><span class=\"wpcf7-form-control-wrap\" data-name=\"your-message\"><textarea cols=\"40\" rows=\"10\" maxlength=\"2000\" class=\"wpcf7-form-control wpcf7-textarea wpcf7-validates-as-required\" aria-required=\"true\" aria-invalid=\"false\" placeholder=\"D\u00e9tails*\" name=\"your-message\"><\/textarea><\/span>\n\t\t<\/p>\n\t<\/div>\n\t<div class=\"col\">\n\t\t<p><span class=\"contact-form-text\" style=\"color:red;\">Tous les champs marqu\u00e9s d\u2019un * sont obligatoires.<\/span>\n\t\t<\/p>\n\t<\/div>\n\t<div class=\"col litho-button-wrapper contact-simple\">\n\t\t<div>\n\t\t\t<p><input class=\"wpcf7-form-control wpcf7-submit has-spinner elementor-button\" type=\"submit\" value=\"Envoyer Message\" \/>\n\t\t\t<\/p>\n\t\t<\/div>\n\t<\/div>\n<\/div><div class=\"wpcf7-response-output\" aria-hidden=\"true\"><\/div>\n<\/form>\n<\/div>\n\t\t\t<\/div>\n\t\t\t\t\t\t\t<\/div>\n\t\t\t\t<\/div>\n\t\t\t\t\t<\/div>\n\t\t<\/div>\n\t\t\t\t\t<\/div>\n\t\t<\/section>\n\t\t\t\t\t<\/div>\n\t\t<\/div>\n\t\t\t\t\t<\/div>\n\t\t<\/section>\n\t\t\t\t<section class=\"elementor-section elementor-top-section elementor-element elementor-element-1812c6b elementor-section-content-middle elementor-section-boxed elementor-section-height-default elementor-section-height-default elementor-invisible\" data-id=\"1812c6b\" data-element_type=\"section\" data-e-type=\"section\" data-settings=\"{&quot;animation&quot;:&quot;fadeIn&quot;}\">\n\t\t\t\t\t\t<div class=\"elementor-container elementor-column-gap-default\">\n\t\t\t\t\t<div class=\" elementor-column elementor-col-100 elementor-top-column elementor-element elementor-element-6e21568\" data-fullscreen-column-settings=\"{&quot;fullscreen&quot;:&quot;&quot;}\" data-id=\"6e21568\" data-element_type=\"column\" data-e-type=\"column\">\n\t\t\t<div class=\"elementor-widget-wrap elementor-element-populated\">\n\t\t\t\t\t\t<div class=\"elementor-element elementor-element-2669dc0 elementor-widget__width-auto elementor-widget-mobile__width-inherit elementor-widget elementor-widget-litho-heading\" data-id=\"2669dc0\" data-element_type=\"widget\" data-e-type=\"widget\" data-widget_type=\"litho-heading.default\">\n\t\t\t\t<div class=\"elementor-widget-container\">\n\t\t\t\t\t<span class=\"litho-heading elementor-size-large\"><span class=\"litho-primary-title\">Se connecter via Instagram<\/span><\/span>\t\t\t\t<\/div>\n\t\t\t\t<\/div>\n\t\t\t\t<div class=\"elementor-element elementor-element-5320266 elementor-widget__width-initial elementor-hidden-phone elementor-widget-divider--view-line elementor-widget elementor-widget-divider\" data-id=\"5320266\" data-element_type=\"widget\" data-e-type=\"widget\" data-widget_type=\"divider.default\">\n\t\t\t\t\t\t\t<div class=\"elementor-divider\">\n\t\t\t<span class=\"elementor-divider-separator\">\n\t\t\t\t\t\t<\/span>\n\t\t<\/div>\n\t\t\t\t\t\t<\/div>\n\t\t\t\t<div class=\"elementor-element elementor-element-c698733 elementor-widget__width-auto elementor-icon-view-horizontal elementor-shape-rounded elementor-widget elementor-widget-litho-social-icons\" data-id=\"c698733\" data-element_type=\"widget\" data-e-type=\"widget\" data-widget_type=\"litho-social-icons.default\">\n\t\t\t\t<div class=\"elementor-widget-container\">\n\t\t\t\t\t\t\t\t<div class=\"default social-icons-wrapper\">\n\t\t\t\t<ul class=\"extra-small-icon\">\n\t\t\t\t\t\t\t\t\t\t\t\t\t\t<li>\n\t\t\t\t\t\t\t\t\t\t<a href=\"https:\/\/www.instagram.com\/laurier_vert_\/\" class=\"elementor-icon elementor-social-icon elementor-social-icon-instagram elementor-repeater-item-fd022a3 \" target=\"_blank\">\n\t\t\t\t\t\t\t\t\t\t\t<i aria-hidden=\"true\" class=\"fab fa-instagram\"><\/i>\t\t\t\t\t\t\t\t\t\t\t\t\t\t\t\t\t\t\t\t\t\t<span class=\"screen-reader-text\">Social Media<\/span>\n\t\t\t\t\t\t\t\t\t\t<\/a>\n\t\t\t\t\t\t\t\t\t<\/li>\n\t\t\t\t\t\t\t\t\t\t\t\t<\/ul>\n\t\t\t<\/div>\n\t\t\t\t\t\t\t<\/div>\n\t\t\t\t<\/div>\n\t\t\t\t\t<\/div>\n\t\t<\/div>\n\t\t\t\t\t<\/div>\n\t\t<\/section>\n\t\t\t\t<section class=\"elementor-section elementor-top-section elementor-element elementor-element-d80a7bd elementor-section-full_width elementor-section-height-default elementor-section-height-default elementor-invisible\" data-id=\"d80a7bd\" data-element_type=\"section\" data-e-type=\"section\" data-settings=\"{&quot;animation&quot;:&quot;fadeIn&quot;}\">\n\t\t\t\t\t\t<div class=\"elementor-container elementor-column-gap-no\">\n\t\t\t\t\t<div class=\" elementor-column elementor-col-100 elementor-top-column elementor-element elementor-element-84c16e5\" data-fullscreen-column-settings=\"{&quot;fullscreen&quot;:&quot;&quot;}\" data-id=\"84c16e5\" data-element_type=\"column\" data-e-type=\"column\">\n\t\t\t<div class=\"elementor-widget-wrap elementor-element-populated\">\n\t\t\t\t\t\t<div class=\"elementor-element elementor-element-036e851 elementor-widget elementor-widget-google_maps\" data-id=\"036e851\" data-element_type=\"widget\" data-e-type=\"widget\" data-widget_type=\"google_maps.default\">\n\t\t\t\t\t\t\t<div class=\"elementor-custom-embed\">\n\t\t\t<iframe loading=\"lazy\"\n\t\t\t\t\tsrc=\"https:\/\/maps.google.com\/maps?q=2%C3%A8me%20%C3%A9tage%20N%207%2C%20Imm%2022%20Av%20Mly%20Abdallah%2C%20Marrakech%2040000&#038;t=m&#038;z=16&#038;output=embed&#038;iwloc=near\"\n\t\t\t\t\ttitle=\"2\u00e8me \u00e9tage N 7, Imm 22 Av Mly Abdallah, Marrakech 40000\"\n\t\t\t\t\taria-label=\"2\u00e8me \u00e9tage N 7, Imm 22 Av Mly Abdallah, Marrakech 40000\"\n\t\t\t><\/iframe>\n\t\t<\/div>\n\t\t\t\t\t\t<\/div>\n\t\t\t\t\t<\/div>\n\t\t<\/div>\n\t\t\t\t\t<\/div>\n\t\t<\/section>\n\t\t\t\t<\/div>\n\t\t","protected":false},"excerpt":{"rendered":"<p>Besoin d\u2019un coup de main?Envoyez-nous un email Nous r\u00e9pondrons rapidement \u00e0 toutes vos demandes. L\u00e0 pour vous aiderPassez-nous un coup de fil Disponible du lundi au Samedi 24\/24 Remplissez le formulaire et nous revenons vers vous rapidement ! Parlons de votre projet AgadirAl HoceimaAzilalB\u00e9ni MellalBenslimaneBoujdourBoulemaneCasablancaChefchaouenChichaouaDakhlaEl HajebEl JadidaErrachidiaEssaouiraF\u00e8sFiguigGuelmimIfraneK\u00e9nitraKhemissetKh\u00e9nifraKhouribgaLa\u00e2youneLaracheMarrakechMekn\u00e8sMohammediaNadorOuarzazateOued Ed-DahabOujdaRabatSafiSal\u00e9SefrouSettatSidi BennourSidi IfniSkhirat-T\u00e9maraTangerTan-TanTaounateTaroudantTataTazaT\u00e9touanTiznitZagora Conception &amp; DesignConsultationProjet d&#039;am\u00e9nagementEntretien JardinNettoyage [&hellip;]<\/p>\n","protected":false},"author":1,"featured_media":0,"parent":0,"menu_order":87,"comment_status":"closed","ping_status":"closed","template":"","meta":{"footnotes":""},"class_list":["post-105","page","type-page","status-publish","hentry"],"_links":{"self":[{"href":"https:\/\/www.lauriervert.com\/index.php?rest_route=\/wp\/v2\/pages\/105","targetHints":{"allow":["GET"]}}],"collection":[{"href":"https:\/\/www.lauriervert.com\/index.php?rest_route=\/wp\/v2\/pages"}],"about":[{"href":"https:\/\/www.lauriervert.com\/index.php?rest_route=\/wp\/v2\/types\/page"}],"author":[{"embeddable":true,"href":"https:\/\/www.lauriervert.com\/index.php?rest_route=\/wp\/v2\/users\/1"}],"replies":[{"embeddable":true,"href":"https:\/\/www.lauriervert.com\/index.php?rest_route=%2Fwp%2Fv2%2Fcomments&post=105"}],"version-history":[{"count":13,"href":"https:\/\/www.lauriervert.com\/index.php?rest_route=\/wp\/v2\/pages\/105\/revisions"}],"predecessor-version":[{"id":75791,"href":"https:\/\/www.lauriervert.com\/index.php?rest_route=\/wp\/v2\/pages\/105\/revisions\/75791"}],"wp:attachment":[{"href":"https:\/\/www.lauriervert.com\/index.php?rest_route=%2Fwp%2Fv2%2Fmedia&parent=105"}],"curies":[{"name":"wp","href":"https:\/\/api.w.org\/{rel}","templated":true}]}}